{"id":34,"date":"2022-06-07T13:14:43","date_gmt":"2022-06-07T11:14:43","guid":{"rendered":"https:\/\/luethithomas.ch\/?page_id=34"},"modified":"2023-08-29T16:06:54","modified_gmt":"2023-08-29T14:06:54","slug":"startseite","status":"publish","type":"page","link":"https:\/\/luethithomas.ch\/","title":{"rendered":"Startseite"},"content":{"rendered":"\n<div class=\"wp-block-group alignwide is-layout-flow wp-block-group-is-layout-flow\" style=\"padding-top:4rem;padding-bottom:4rem\">\n<h2 class=\"wp-block-heading has-text-align-center has-primary-color has-text-color\" id=\"uber-mich\">\u00dcber mich<\/h2>\n\n\n\n<div class=\"wp-block-columns is-layout-flex wp-container-core-columns-is-layout-28f84493 wp-block-columns-is-layout-flex\">\n<div class=\"wp-block-column is-layout-flow wp-block-column-is-layout-flow\" style=\"flex-basis:40%\">\n<p class=\"has-primary-color has-text-color\"><strong><strong>B\u00fcrog\u00e4rtner<\/strong><\/strong><\/p>\n\n\n\n<p>Eine Lehre als Landschaftsg\u00e4rtner in Olten bildete den Einstieg in mein Berufsleben. Nach einer Weiterbildung zum Gartenbautechniker TS an der Gartenbauschule am Oeschberg in Koppingen folgte die erste Stelle als Bauf\u00fcher in einem Gartenbaubetrieb. Seit \u00fcber zehn Jahren aber bin ich bei der Egger AG Garten- und Sportplatzbau angestellt.<\/p>\n\n\n\n<p>In Wangen bei Olten darf ich die 2014 neu gegr\u00fcndete Filiale mit 13 Mitarbeiterinnen und Mitarbeitern inkl. drei Lernenden leiten.<\/p>\n<\/div>\n\n\n\n<div class=\"wp-block-column is-layout-flow wp-block-column-is-layout-flow\" style=\"padding-top:0%;padding-right:5%;padding-bottom:5%;padding-left:5%;flex-basis:20%\">\n<figure class=\"wp-block-image size-large has-custom-border\"><img loading=\"lazy\" decoding=\"async\" width=\"768\" height=\"1024\" src=\"https:\/\/luethithomas.ch\/wp-content\/uploads\/2023\/08\/Foto-17.11.19-09-56-56-768x1024.jpg\" alt=\"\" class=\"wp-image-845\" style=\"border-radius:0px\" srcset=\"https:\/\/luethithomas.ch\/wp-content\/uploads\/2023\/08\/Foto-17.11.19-09-56-56-768x1024.jpg 768w, https:\/\/luethithomas.ch\/wp-content\/uploads\/2023\/08\/Foto-17.11.19-09-56-56-225x300.jpg 225w, https:\/\/luethithomas.ch\/wp-content\/uploads\/2023\/08\/Foto-17.11.19-09-56-56-1152x1536.jpg 1152w, https:\/\/luethithomas.ch\/wp-content\/uploads\/2023\/08\/Foto-17.11.19-09-56-56-1536x2048.jpg 1536w, https:\/\/luethithomas.ch\/wp-content\/uploads\/2023\/08\/Foto-17.11.19-09-56-56-scaled.jpg 1920w\" sizes=\"auto, (max-width: 768px) 100vw, 768px\" \/><\/figure>\n<\/div>\n\n\n\n<div class=\"wp-block-column is-layout-flow wp-block-column-is-layout-flow\" style=\"flex-basis:40%\">\n<p class=\"has-primary-color has-text-color\"><strong>Vize-Kantonalornithologe &#038; Audiobirder<\/strong><\/p>\n\n\n\n<p>Ein Vogelkunde Grundkurs beim Naturschutzverein Egerkingen in der Primarschule hat alles ins Rollen gebracht. Die V\u00f6gel haben mir die Augen f\u00fcr die Sch\u00f6nheiten der einheimsichen Flora und Fauna ge\u00f6ffnet. Seit 2008 engagiere ich mich im Vorstand von <a href=\"http:\/\/www.birdlife-so.ch\" data-type=\"link\" data-id=\"http:\/\/www.birdlife-so.ch\">VVS\/BirdLife Solothurn<\/a> und durfte den Vorstand bis 2020 w\u00e4hrend 12 Jahren pr\u00e4sidieren. Als Vizepr\u00e4sident von BirdLife Solothurn bleibe ich dem Verband aber trotzdem erhalten.<\/p>\n\n\n\n<p>Seit mehr als zwanzig Jahren geh\u00f6rt auch die allj\u00e4hrliche Arbeit als Beringer auf der <a href=\"http:\/\/www.birdlife-so.ch\/subigerberg\" data-type=\"link\" data-id=\"http:\/\/www.birdlife-so.ch\/subigerberg\">Beobachtungs- und Beringungsstation Subigerberg<\/a> dazu.<\/p>\n\n\n\n<p>Neben dem Fliegen fasziniert der Vogelgesang uns Menschen wohl am meisten. Was anderen Vogelfotos sind mir Tonaufnahmen von Rufen und Ges\u00e4ngen von V\u00f6geln. Tausende von Aufnahmen haben sich mittlerweile auf meiner Festplatte angesammelt. Ein par davon sind auf <a href=\"https:\/\/www.xeno-canto.org\/contributor\/TOKIKPVFMA\" data-type=\"link\" data-id=\"https:\/\/www.xeno-canto.org\/contributor\/TOKIKPVFMA\">xeno-canto<\/a> der gr\u00f6ssen Plattform f\u00fcr Vogelstimmen zu finden.<\/p>\n<\/div>\n<\/div>\n<\/div>\n\n\n\n<div class=\"wp-block-group alignfull has-primary-background-color has-background is-layout-constrained wp-block-group-is-layout-constrained\" id=\"politik\" style=\"margin-top:0px;padding-top:4rem;padding-bottom:4rem\">\n<h2 class=\"wp-block-heading has-text-align-center has-accent-color has-text-color\">Meine politische DNA<\/h2>\n\n\n\n<div class=\"wp-block-columns alignwide is-layout-flex wp-container-core-columns-is-layout-28f84493 wp-block-columns-is-layout-flex\">\n<div class=\"wp-block-column is-layout-flow wp-block-column-is-layout-flow\">\n<figure class=\"wp-block-image aligncenter size-full is-resized\"><img loading=\"lazy\" decoding=\"async\" src=\"https:\/\/luethithomas.ch\/wp-content\/uploads\/2023\/08\/Website-Buttons1.png\" alt=\"\" class=\"wp-image-875\" style=\"width:80px;height:80px\" width=\"80\" height=\"80\" srcset=\"https:\/\/luethithomas.ch\/wp-content\/uploads\/2023\/08\/Website-Buttons1.png 292w, https:\/\/luethithomas.ch\/wp-content\/uploads\/2023\/08\/Website-Buttons1-150x150.png 150w\" sizes=\"auto, (max-width: 80px) 100vw, 80px\" \/><\/figure>\n\n\n\n<p class=\"has-text-align-center has-accent-color has-text-color\"><strong>Biodiversit\u00e4t<\/strong><\/p>\n\n\n\n<p class=\"has-text-align-center\">Ein Drittel der Tier- und Pflanzenarten ist ausgestorben oder gef\u00e4hrdet. Das akute Artensterben trifft uns Menschen ganz direkt.<br>Eine gesunde und vielf\u00e4ltige Natur ist unsere Lebensgrundlage. Sie sorgt f\u00fcr saubere Luft, Trinkwasser, Best\u00e4ubung und fruchtbare B\u00f6den. Sie sichert damit auch unsere Ern\u00e4hrung.<br>Deshalb unterst\u00fctze ich die<br><a href=\"https:\/\/www.biodiversitaetsinitiative.ch\/\" data-type=\"link\" data-id=\"https:\/\/www.biodiversitaetsinitiative.ch\/\">Biodiversit\u00e4tsinitiative<\/a><\/p>\n\n\n\n<p class=\"has-text-align-center\"><\/p>\n<\/div>\n\n\n\n<div class=\"wp-block-column is-layout-flow wp-block-column-is-layout-flow\">\n<figure class=\"wp-block-image aligncenter size-full is-resized\"><img loading=\"lazy\" decoding=\"async\" src=\"https:\/\/luethithomas.ch\/wp-content\/uploads\/2023\/08\/Website-Buttons2.png\" alt=\"\" class=\"wp-image-876\" style=\"width:80px;height:80px\" width=\"80\" height=\"80\"\/><\/figure>\n\n\n\n<p class=\"has-text-align-center has-accent-color has-text-color\"><strong><strong>Energie<\/strong><\/strong><\/p>\n\n\n\n<p class=\"has-text-align-center has-background-color has-text-color\">Mit der Energiestrategie 2050 und dem Ja zum Klimaschutzgesetz hat das Volk die Leitplanken f\u00fcr Netto-Null 2050 gesetzt. Nun gilt es, die erneuerbaren Energien auszubauen und die Dekarbonisierung voranzutreiben. Dies darf aber nicht zu einer \u201eAnbauschlacht\u201c auf Kosten der Biodiversit\u00e4t f\u00fchren.<\/p>\n<\/div>\n\n\n\n<div class=\"wp-block-column is-layout-flow wp-block-column-is-layout-flow\">\n<figure class=\"wp-block-image aligncenter size-full is-resized\"><img loading=\"lazy\" decoding=\"async\" src=\"https:\/\/luethithomas.ch\/wp-content\/uploads\/2023\/08\/Website-Buttons3.png\" alt=\"\" class=\"wp-image-877\" style=\"width:80px;height:80px\" width=\"80\" height=\"80\" srcset=\"https:\/\/luethithomas.ch\/wp-content\/uploads\/2023\/08\/Website-Buttons3.png 288w, https:\/\/luethithomas.ch\/wp-content\/uploads\/2023\/08\/Website-Buttons3-150x150.png 150w\" sizes=\"auto, (max-width: 80px) 100vw, 80px\" \/><\/figure>\n\n\n\n<p class=\"has-text-align-center has-accent-color has-text-color\"><strong><strong>Wirtschaft &#038; Gewerbe<\/strong><\/strong><\/p>\n\n\n\n<p class=\"has-text-align-center\">Ein flexibler Arbeitsmarkt und KMU`s die vom Staat nicht in zu enge Schranken gedr\u00e4ngt werden sind eine unschlag-barer Standortvorteil.<\/p>\n\n\n\n<p class=\"has-text-align-center\">Der Staat solle Fehlanreize beseitigen und seine Ziele mit Lenkungsabgaben erreichen. Zus\u00e4tzliche B\u00fcrokratie f\u00fcr KMU`s lehne ich ab.<\/p>\n<\/div>\n<\/div>\n\n\n\n<div class=\"wp-block-columns alignwide is-layout-flex wp-container-core-columns-is-layout-28f84493 wp-block-columns-is-layout-flex\">\n<div class=\"wp-block-column is-layout-flow wp-block-column-is-layout-flow\">\n<figure class=\"wp-block-image aligncenter size-full is-resized\"><img loading=\"lazy\" decoding=\"async\" src=\"https:\/\/luethithomas.ch\/wp-content\/uploads\/2023\/08\/Website-Buttons1.png\" alt=\"\" class=\"wp-image-875\" style=\"width:80px;height:80px\" width=\"80\" height=\"80\" srcset=\"https:\/\/luethithomas.ch\/wp-content\/uploads\/2023\/08\/Website-Buttons1.png 292w, https:\/\/luethithomas.ch\/wp-content\/uploads\/2023\/08\/Website-Buttons1-150x150.png 150w\" sizes=\"auto, (max-width: 80px) 100vw, 80px\" \/><\/figure>\n\n\n\n<p class=\"has-text-align-center has-accent-color has-text-color\"><strong>Biodiversit\u00e4t<\/strong><\/p>\n\n\n\n<p class=\"has-text-align-center\">Ein Drittel der Tier- und Pflanzenarten ist ausgestorben oder gef\u00e4hrdet. Das akute Artensterben trifft uns Menschen ganz direkt.<br>Eine gesunde und vielf\u00e4ltige Natur ist unsere Lebensgrundlage. Sie sorgt f\u00fcr saubere Luft, Trinkwasser, Best\u00e4ubung und fruchtbare B\u00f6den. Sie sichert damit auch unsere Ern\u00e4hrung.<br>Deshalb unterst\u00fctze ich die<br><a href=\"https:\/\/www.biodiversitaetsinitiative.ch\/\" data-type=\"link\" data-id=\"https:\/\/www.biodiversitaetsinitiative.ch\/\">Biodiversit\u00e4tsinitiative<\/a><\/p>\n<\/div>\n\n\n\n<div class=\"wp-block-column is-layout-flow wp-block-column-is-layout-flow\">\n<figure class=\"wp-block-image aligncenter size-full is-resized\"><img loading=\"lazy\" decoding=\"async\" src=\"https:\/\/luethithomas.ch\/wp-content\/uploads\/2023\/08\/Website-Buttons2.png\" alt=\"\" class=\"wp-image-876\" style=\"width:80px;height:80px\" width=\"80\" height=\"80\"\/><\/figure>\n\n\n\n<p class=\"has-text-align-center has-accent-color has-text-color\"><strong><strong>Energie<\/strong><\/strong><\/p>\n\n\n\n<p class=\"has-text-align-center has-background-color has-text-color\">Mit der Energiestrategie 2050 und dem Ja zum Klimaschutzgesetz hat das Volk die Leitplanken f\u00fcr Netto-Null 2050 gesetzt. Nun gilt es, die erneuerbaren Energien auszubauen und die Dekarbonisierung voranzutreiben. Dies darf aber nicht zu einer \u201eAnbauschlacht\u201c auf Kosten der Biodiversit\u00e4t f\u00fchren.<\/p>\n<\/div>\n\n\n\n<div class=\"wp-block-column is-layout-flow wp-block-column-is-layout-flow\">\n<figure class=\"wp-block-image aligncenter size-full is-resized\"><img loading=\"lazy\" decoding=\"async\" src=\"https:\/\/luethithomas.ch\/wp-content\/uploads\/2023\/08\/Website-Buttons3.png\" alt=\"\" class=\"wp-image-877\" style=\"width:80px;height:80px\" width=\"80\" height=\"80\" srcset=\"https:\/\/luethithomas.ch\/wp-content\/uploads\/2023\/08\/Website-Buttons3.png 288w, https:\/\/luethithomas.ch\/wp-content\/uploads\/2023\/08\/Website-Buttons3-150x150.png 150w\" sizes=\"auto, (max-width: 80px) 100vw, 80px\" \/><\/figure>\n\n\n\n<p class=\"has-text-align-center has-accent-color has-text-color\"><strong><strong>Wirtschaft &#038; Gewerbe<\/strong><\/strong><\/p>\n\n\n\n<p class=\"has-text-align-center\">Ein flexibler Arbeitsmarkt und KMU`s die vom Staat nicht in zu enge Schranken gedr\u00e4ngt werden sind eine unschlag-barer Standortvorteil.<\/p>\n\n\n\n<p class=\"has-text-align-center\">Der Staat solle Fehlanreize beseitigen und seine Ziele mit Lenkungsabgaben erreichen. Zus\u00e4tzliche B\u00fcrokratie f\u00fcr KMU`s lehne ich ab.<\/p>\n<\/div>\n<\/div>\n<\/div>\n\n\n\n<div class=\"wp-block-group alignfull is-layout-constrained wp-block-group-is-layout-constrained\" style=\"padding-top:4rem;padding-bottom:4rem\">\n<h2 class=\"wp-block-heading alignwide has-text-align-center has-primary-color has-text-color\" id=\"unterstuetzung\">UMWELT? WIRTSCHAFT? BEIDES!<\/h2>\n\n\n\n<div class=\"wp-block-columns alignwide is-layout-flex wp-container-core-columns-is-layout-28f84493 wp-block-columns-is-layout-flex\">\n<div class=\"wp-block-column is-vertically-aligned-center is-layout-flow wp-block-column-is-layout-flow\" style=\"flex-basis:100%\">\n<p class=\"has-text-align-center\"><em>Mein Engagement im Naturschutz haben mich politisiert. Gleichzeitig bin ich in einem Handwerksbetrieb t\u00e4tig und erlebe die Herausforderungen denen sich ein Unternehmer stellen muss jeden Tag hautnah.<\/em><br><br><\/p>\n\n\n\n<p class=\"has-text-align-center\">Das Smartspider basiert auf dem Fragebogen von smartvote.ch f\u00fcr die Nationalratswahlen 2023.<\/p>\n\n\n\n<p class=\"has-text-align-center\">Hier mein komplattes Profil auf <a href=\"https:\/\/smartvote.ch\/de\/group\/527\/election\/23_ch_nr\/db\/candidates\/55617\" data-type=\"link\" data-id=\"https:\/\/smartvote.ch\/de\/group\/527\/election\/23_ch_nr\/db\/candidates\/55617\">smartvote<\/a><\/p>\n<\/div>\n<\/div>\n<\/div>\n\n\n\n<div class=\"wp-block-group alignwide is-layout-flow wp-block-group-is-layout-flow\" style=\"padding-top:4rem;padding-bottom:4rem\">\n<figure class=\"wp-block-image aligncenter size-large\"><img loading=\"lazy\" decoding=\"async\" width=\"900\" height=\"1024\" src=\"https:\/\/luethithomas.ch\/wp-content\/uploads\/2023\/08\/TLNR23-900x1024.png\" alt=\"\" class=\"wp-image-881\" srcset=\"https:\/\/luethithomas.ch\/wp-content\/uploads\/2023\/08\/TLNR23-900x1024.png 900w, https:\/\/luethithomas.ch\/wp-content\/uploads\/2023\/08\/TLNR23-264x300.png 264w, https:\/\/luethithomas.ch\/wp-content\/uploads\/2023\/08\/TLNR23-768x874.png 768w, https:\/\/luethithomas.ch\/wp-content\/uploads\/2023\/08\/TLNR23-1349x1536.png 1349w, https:\/\/luethithomas.ch\/wp-content\/uploads\/2023\/08\/TLNR23-1799x2048.png 1799w, https:\/\/luethithomas.ch\/wp-content\/uploads\/2023\/08\/TLNR23.png 1880w\" sizes=\"auto, (max-width: 900px) 100vw, 900px\" \/><\/figure>\n<\/div>\n\n\n\n<div class=\"wp-block-group alignfull is-layout-flow wp-block-group-is-layout-flow\" style=\"margin-top:0px;margin-bottom:0px;padding-top:0rem;padding-right:0px;padding-bottom:0rem;padding-left:0px\"><\/div>\n\n\n\n<div class=\"wp-block-group alignfull has-foreground-background-color has-background is-layout-flow wp-block-group-is-layout-flow\" style=\"margin-top:0px;margin-bottom:0px;padding-top:0px;padding-bottom:0px\">\n<p class=\"has-text-align-right has-text-color\" style=\"color:#555555;font-size:13px\"><br><\/p>\n<\/div>\n\n\n\n<div class=\"wp-block-group alignwide is-layout-flow wp-block-group-is-layout-flow\" style=\"padding-top:4rem;padding-bottom:4rem\">\n<p class=\"has-text-align-center\" style=\"line-height:1\"><strong>Fragen? Anregungen?<\/strong><\/p>\n\n\n\n<h2 class=\"wp-block-heading has-text-align-center has-primary-color has-text-color\" id=\"kontakt\" style=\"margin-top:0px\">Kontaktiere mich<\/h2>\n\n\n\n<p class=\"has-text-align-center\">mail@LuethiThomas.ch        079 625 65 15<\/p>\n<\/div>\n\n\n\n<p><\/p>\n","protected":false},"excerpt":{"rendered":"<p>\u00dcber mich B\u00fcrog\u00e4rtner Eine Lehre als Landschaftsg\u00e4rtner in Olten bildete den Einstieg in mein Berufsleben. Nach einer Weiterbildung zum Gartenbautechniker TS an der Gartenbauschule am Oeschberg in Koppingen folgte die erste Stelle als Bauf\u00fcher in einem Gartenbaubetrieb. Seit \u00fcber zehn Jahren aber bin ich bei der Egger AG Garten- und Sportplatzbau angestellt. In Wangen bei [&hellip;]<\/p>\n","protected":false},"author":2,"featured_media":0,"parent":0,"menu_order":0,"comment_status":"closed","ping_status":"closed","template":"","meta":{"footnotes":""},"class_list":["post-34","page","type-page","status-publish","hentry"],"_links":{"self":[{"href":"https:\/\/luethithomas.ch\/index.php?rest_route=\/wp\/v2\/pages\/34","targetHints":{"allow":["GET"]}}],"collection":[{"href":"https:\/\/luethithomas.ch\/index.php?rest_route=\/wp\/v2\/pages"}],"about":[{"href":"https:\/\/luethithomas.ch\/index.php?rest_route=\/wp\/v2\/types\/page"}],"author":[{"embeddable":true,"href":"https:\/\/luethithomas.ch\/index.php?rest_route=\/wp\/v2\/users\/2"}],"replies":[{"embeddable":true,"href":"https:\/\/luethithomas.ch\/index.php?rest_route=%2Fwp%2Fv2%2Fcomments&post=34"}],"version-history":[{"count":100,"href":"https:\/\/luethithomas.ch\/index.php?rest_route=\/wp\/v2\/pages\/34\/revisions"}],"predecessor-version":[{"id":896,"href":"https:\/\/luethithomas.ch\/index.php?rest_route=\/wp\/v2\/pages\/34\/revisions\/896"}],"wp:attachment":[{"href":"https:\/\/luethithomas.ch\/index.php?rest_route=%2Fwp%2Fv2%2Fmedia&parent=34"}],"curies":[{"name":"wp","href":"https:\/\/api.w.org\/{rel}","templated":true}]}}